{"id":22,"date":"2026-05-04T14:23:16","date_gmt":"2026-05-04T14:23:16","guid":{"rendered":"https:\/\/anpeam.com\/?page_id=22"},"modified":"2026-05-07T14:37:28","modified_gmt":"2026-05-07T14:37:28","slug":"servicios","status":"publish","type":"page","link":"https:\/\/anpeam.com\/index.php\/servicios\/","title":{"rendered":"Servicios"},"content":{"rendered":"\t\t<div data-elementor-type=\"wp-page\" data-elementor-id=\"22\" class=\"elementor elementor-22\">\n\t\t\t\t<div class=\"elementor-element elementor-element-8409458 e-flex e-con-boxed e-con e-parent\" data-id=\"8409458\" data-element_type=\"container\" data-e-type=\"container\">\n\t\t\t\t\t<div class=\"e-con-inner\">\n\t\t\t\t<div class=\"elementor-element elementor-element-7df1fbe elementor-widget__width-initial elementor-widget elementor-widget-html\" data-id=\"7df1fbe\" data-element_type=\"widget\" data-e-type=\"widget\" data-widget_type=\"html.default\">\n\t\t\t\t\t<!DOCTYPE html>\n<html>\n<head>\n<style>\n* { margin: 0; padding: 0; box-sizing: border-box; }\n#wrap {\n  position: relative;\n  width: 100%;\n  height: 100vh;\n  background: #F5F0E8;\n  overflow: hidden;\n}\ncanvas { position: absolute; top: 0; left: 0; width: 100%; height: 100%; }\n#blur-layer {\n  position: absolute; top: 0; left: 0;\n  width: 100%; height: 100%;\n  backdrop-filter: blur(30px);\n  -webkit-backdrop-filter: blur(30px);\n  pointer-events: none;\n}\n<\/style>\n<\/head>\n<body>\n<div id=\"wrap\">\n  <canvas id=\"c\"><\/canvas>\n  <div id=\"blur-layer\"><\/div>\n<\/div>\n<script>\nconst canvas = document.getElementById('c');\nconst wrap = document.getElementById('wrap');\nconst ctx = canvas.getContext('2d');\n\nfunction resize() {\n  canvas.width = wrap.clientWidth;\n  canvas.height = wrap.clientHeight;\n}\nresize();\nwindow.addEventListener('resize', resize);\n\nconst shapes = [\n  { x: 0, y: 0, vx: 2.2, vy: 1.8, r: 165, color: '#8FA876' },\n  { x: 0, y: 0, vx: -2.0, vy: 2.4, r: 117, color: '#D4A57A' },\n];\n\nfunction init() {\n  const W = canvas.width, H = canvas.height;\n  shapes[0].x = W * 0.05; shapes[0].y = H * 0.1;\n  shapes[1].x = W * 0.8;  shapes[1].y = H * 0.65;\n}\ninit();\n\nfunction drawCircle(s) {\n  ctx.save();\n  ctx.globalAlpha = 0.55;\n  ctx.fillStyle = s.color;\n  ctx.beginPath();\n  ctx.arc(s.x, s.y, s.r, 0, Math.PI * 2);\n  ctx.fill();\n  ctx.restore();\n}\n\nfunction collide(a, b) {\n  const dx = a.x - b.x, dy = a.y - b.y;\n  const dist = Math.sqrt(dx*dx + dy*dy);\n  const minDist = a.r + b.r;\n  if (dist < minDist && dist > 0) {\n    const nx = dx\/dist, ny = dy\/dist;\n    const dvx = a.vx - b.vx, dvy = a.vy - b.vy;\n    const dot = dvx*nx + dvy*ny;\n    if (dot < 0) {\n      a.vx -= dot*nx; a.vy -= dot*ny;\n      b.vx += dot*nx; b.vy += dot*ny;\n    }\n  }\n}\n\nfunction update() {\n  const W = canvas.width, H = canvas.height;\n  ctx.clearRect(0, 0, W, H);\n  for (let i = 0; i < shapes.length; i++) {\n    const s = shapes[i];\n    s.x += s.vx; s.y += s.vy;\n    if (s.x - s.r < -s.r*0.5) { s.vx = Math.abs(s.vx); }\n    if (s.x + s.r > W+s.r*0.5) { s.vx = -Math.abs(s.vx); }\n    if (s.y - s.r < -s.r*0.5) { s.vy = Math.abs(s.vy); }\n    if (s.y + s.r > H+s.r*0.5) { s.vy = -Math.abs(s.vy); }\n    for (let j = i+1; j < shapes.length; j++) collide(s, shapes[j]);\n    drawCircle(s);\n  }\n  requestAnimationFrame(update);\n}\nupdate();\n<\/script>\n<\/body>\n<\/html>\n\t\t\t\t<\/div>\n\t\t\t\t\t<\/div>\n\t\t\t\t<\/div>\n\t\t<div class=\"elementor-element elementor-element-8bfd3ee e-flex e-con-boxed e-con e-parent\" data-id=\"8bfd3ee\" data-element_type=\"container\" data-e-type=\"container\" data-settings=\"{&quot;background_background&quot;:&quot;classic&quot;}\">\n\t\t\t\t\t<div class=\"e-con-inner\">\n\t\t<div class=\"elementor-element elementor-element-fff3a58 e-con-full e-flex e-con e-child\" data-id=\"fff3a58\" data-element_type=\"container\" data-e-type=\"container\">\n\t\t\t\t<div class=\"elementor-element elementor-element-c53cb44 elementor-widget elementor-widget-text-editor\" data-id=\"c53cb44\" data-element_type=\"widget\" data-e-type=\"widget\" data-widget_type=\"text-editor.default\">\n\t\t\t\t\t\t\t\t\t<ul><li>SERVICIOS<\/li><\/ul>\t\t\t\t\t\t\t\t<\/div>\n\t\t\t\t<div class=\"elementor-element elementor-element-9869bb0 elementor-widget__width-initial elementor-widget-mobile__width-initial elementor-widget elementor-widget-text-editor\" data-id=\"9869bb0\" data-element_type=\"widget\" data-e-type=\"widget\" data-widget_type=\"text-editor.default\">\n\t\t\t\t\t\t\t\t\t<p>Kiosk &amp;<br \/><span style=\"color: #c4622d;\">Digital signage.<\/span><\/p>\t\t\t\t\t\t\t\t<\/div>\n\t\t\t\t<div class=\"elementor-element elementor-element-9d2aa37 elementor-widget__width-initial elementor-widget elementor-widget-text-editor\" data-id=\"9d2aa37\" data-element_type=\"widget\" data-e-type=\"widget\" data-widget_type=\"text-editor.default\">\n\t\t\t\t\t\t\t\t\t<p>Cubrimos toda la cadena: del primer boceto en papel al kiosko funcionando 24\/7 en su ubicaci\u00f3n final. Sin intermediarios, sin sorpresas.<\/p>\t\t\t\t\t\t\t\t<\/div>\n\t\t\t\t<\/div>\n\t\t\t\t\t<\/div>\n\t\t\t\t<\/div>\n\t\t<div class=\"elementor-element elementor-element-bad7774 e-flex e-con-boxed e-con e-parent\" data-id=\"bad7774\" data-element_type=\"container\" data-e-type=\"container\" data-settings=\"{&quot;background_background&quot;:&quot;classic&quot;}\">\n\t\t\t\t\t<div class=\"e-con-inner\">\n\t\t\t\t<div class=\"elementor-element elementor-element-7a0a2a1 elementor-widget elementor-widget-text-editor\" data-id=\"7a0a2a1\" data-element_type=\"widget\" data-e-type=\"widget\" data-widget_type=\"text-editor.default\">\n\t\t\t\t\t\t\t\t\tLos Kioskos multimedia y los paneles de Informaci\u00f3n se han convertido en elementos claves de la innovaci\u00f3n tecnol\u00f3gica de las organizaciones y sus procesos as\u00ed como de sus estrategias de publicidad, marketing y de experiencia con el usuario. Con ellos es posible crear campa\u00f1as que inviten y atraigan a estos usuarios promoviendo as\u00ed la imagen de marca y reputaci\u00f3n de la organizaci\u00f3n.\n<br><br>\nTodos nuestros kioskos multimedia est\u00e1n fabricados de forma que se adaptan a las necesidades de nuestros clientes y al sector industrial en el que opera, ofreciendo as\u00ed una amplia gama de combinaciones en cuanto a software y hardware.\n<br><br>\nAnpeam Desarrollos a trav\u00e9s de su filial <a href=\"https:\/\/www.internetkioskos.com\">Internet Kioskos<\/a>, ofrece un extenso rango de servicios que permiten configurar y maximizar sus oportunidades de negocio a trav\u00e9s de nuestros terminales ya que proveen de importantes e inmediatas soluciones a su organizaci\u00f3n y a sus clientes.\n<br><br>\nEstablecidos en Madrid (Espa\u00f1a) desde 2001 hemos desarrollado y fabricado kioscos multimedia para organizaciones de muy diversa actividad y tama\u00f1o, con lo que hemos adquirido una amplia experiencia que ponemos al servicio de todos nuestros clientes y que se convierte en uno de neutros mejores avales.\n<br><br>\nLa satisfacci\u00f3n del cliente es una de nuestras mayores prioridades por lo que trabajamos de manera conjunta y le asesoramos durante todo el ciclo de vida del proyecto: modelos est\u00e1ndares, ajustes a modelos, terminales exteriores, adaptados, personalizados o dise\u00f1os totalmente nuevos.\n<br><br>\nNuestros servicios profesionales adem\u00e1s incluyen: gesti\u00f3n de proyectos, electr\u00f3nica, hardware a la medida eingenier\u00eda de software, apoyo y capacitaci\u00f3n.\n<br><br>\n<a href=\"https:\/\/www.internetkioskos.com\">www.internetkioskos.com<\/a> | <a href=\"https:\/\/www.isik.es\">www.isik.es<\/a> | <a href=\"https:\/\/www.tabletik.com\">www.tabletik.com<\/a>\t\t\t\t\t\t\t\t<\/div>\n\t\t<div class=\"elementor-element elementor-element-79f6270 e-con-full e-flex e-con e-child\" data-id=\"79f6270\" data-element_type=\"container\" data-e-type=\"container\" data-settings=\"{&quot;background_background&quot;:&quot;classic&quot;}\">\n\t\t<div class=\"elementor-element elementor-element-74b2b00 e-con-full e-flex e-con e-child\" data-id=\"74b2b00\" data-element_type=\"container\" data-e-type=\"container\" data-settings=\"{&quot;background_background&quot;:&quot;classic&quot;}\">\n\t\t<div class=\"elementor-element elementor-element-7c068a5 e-con-full e-flex e-con e-child\" data-id=\"7c068a5\" data-element_type=\"container\" data-e-type=\"container\" data-settings=\"{&quot;background_background&quot;:&quot;classic&quot;}\">\n\t\t\t\t<div class=\"elementor-element elementor-element-ef5cdac elementor-widget elementor-widget-text-editor\" data-id=\"ef5cdac\" data-element_type=\"widget\" data-e-type=\"widget\" data-widget_type=\"text-editor.default\">\n\t\t\t\t\t\t\t\t\t<p>Servicios profesionales<\/p>\t\t\t\t\t\t\t\t<\/div>\n\t\t\t\t<div class=\"elementor-element elementor-element-879fee8 elementor-widget elementor-widget-text-editor\" data-id=\"879fee8\" data-element_type=\"widget\" data-e-type=\"widget\" data-widget_type=\"text-editor.default\">\n\t\t\t\t\t\t\t\t\t<p>Te acompa\u00f1amos durante todo el ciclo de vida.<\/p>\t\t\t\t\t\t\t\t<\/div>\n\t\t\t\t\t\n<hr class=\"e-divider-base\" data-interaction-id=\"ab71aae\"   \/>\n\t\t\t\t<div class=\"elementor-element elementor-element-5696478 elementor-widget elementor-widget-text-editor\" data-id=\"5696478\" data-element_type=\"widget\" data-e-type=\"widget\" data-widget_type=\"text-editor.default\">\n\t\t\t\t\t\t\t\t\t<p>&#8212; \u00a0Gesti\u00f3n de proyecto.<\/p><p>&#8212; \u00a0Instalaci\u00f3n y log\u00edstica.<\/p><p>&#8212; \u00a0Formaci\u00f3n.<\/p><p>&#8212; \u00a0Soporte y mantenimiento.<\/p>\t\t\t\t\t\t\t\t<\/div>\n\t\t\t\t<\/div>\n\t\t<div class=\"elementor-element elementor-element-0021d22 e-con-full e-flex e-con e-child\" data-id=\"0021d22\" data-element_type=\"container\" data-e-type=\"container\" data-settings=\"{&quot;background_background&quot;:&quot;classic&quot;}\">\n\t\t\t\t<div class=\"elementor-element elementor-element-e6c3d5f elementor-widget elementor-widget-text-editor\" data-id=\"e6c3d5f\" data-element_type=\"widget\" data-e-type=\"widget\" data-widget_type=\"text-editor.default\">\n\t\t\t\t\t\t\t\t\t<p>Software<\/p>\t\t\t\t\t\t\t\t<\/div>\n\t\t\t\t<div class=\"elementor-element elementor-element-38ae754 elementor-widget elementor-widget-text-editor\" data-id=\"38ae754\" data-element_type=\"widget\" data-e-type=\"widget\" data-widget_type=\"text-editor.default\">\n\t\t\t\t\t\t\t\t\t<p>Aplicaci\u00f3n, contenido y gesti\u00f3n remota de la flota.<\/p>\t\t\t\t\t\t\t\t<\/div>\n\t\t\t\t\t\n<hr class=\"e-divider-base\" data-interaction-id=\"e6bfb4a\"   \/>\n\t\t\t\t<div class=\"elementor-element elementor-element-baee67f elementor-widget elementor-widget-text-editor\" data-id=\"baee67f\" data-element_type=\"widget\" data-e-type=\"widget\" data-widget_type=\"text-editor.default\">\n\t\t\t\t\t\t\t\t\t<p>&#8212; \u00a0UI interactiva.<\/p><p>&#8212; \u00a0Digital signage.<\/p><p>&#8212; \u00a0Telegesti\u00f3n y m\u00e9tricas.<\/p><p>&#8212; \u00a0Integraciones API.<\/p>\t\t\t\t\t\t\t\t<\/div>\n\t\t\t\t<\/div>\n\t\t\t\t<\/div>\n\t\t<div class=\"elementor-element elementor-element-3794e5f e-con-full e-flex e-con e-child\" data-id=\"3794e5f\" data-element_type=\"container\" data-e-type=\"container\">\n\t\t<div class=\"elementor-element elementor-element-7ee7201 e-con-full e-flex e-con e-child\" data-id=\"7ee7201\" data-element_type=\"container\" data-e-type=\"container\" data-settings=\"{&quot;background_background&quot;:&quot;classic&quot;}\">\n\t\t\t\t<div class=\"elementor-element elementor-element-27f2bba elementor-widget elementor-widget-text-editor\" data-id=\"27f2bba\" data-element_type=\"widget\" data-e-type=\"widget\" data-widget_type=\"text-editor.default\">\n\t\t\t\t\t\t\t\t\t<p>Dise\u00f1o industrial<\/p>\t\t\t\t\t\t\t\t<\/div>\n\t\t\t\t<div class=\"elementor-element elementor-element-a394ab1 elementor-widget elementor-widget-text-editor\" data-id=\"a394ab1\" data-element_type=\"widget\" data-e-type=\"widget\" data-widget_type=\"text-editor.default\">\n\t\t\t\t\t\t\t\t\t<p>Concepto, modelado mec\u00e1nico y prototipado del terminal.<\/p>\t\t\t\t\t\t\t\t<\/div>\n\t\t\t\t\t\n<hr class=\"e-divider-base\" data-interaction-id=\"aa226f0\"   \/>\n\t\t\t\t<div class=\"elementor-element elementor-element-7b117d3 elementor-widget elementor-widget-text-editor\" data-id=\"7b117d3\" data-element_type=\"widget\" data-e-type=\"widget\" data-widget_type=\"text-editor.default\">\n\t\t\t\t\t\t\t\t\t<p>&#8212; \u00a0Modelos est\u00e1ndar.<\/p><p>&#8212; \u00a0Variantes adaptadas.<\/p><p>&#8212; \u00a0Dise\u00f1os totalmente nuevos.<\/p><p>&#8212; \u00a0Acabado y materiales.<\/p>\t\t\t\t\t\t\t\t<\/div>\n\t\t\t\t<\/div>\n\t\t<div class=\"elementor-element elementor-element-b65f8ea e-con-full e-flex e-con e-child\" data-id=\"b65f8ea\" data-element_type=\"container\" data-e-type=\"container\" data-settings=\"{&quot;background_background&quot;:&quot;classic&quot;}\">\n\t\t\t\t<div class=\"elementor-element elementor-element-52143f7 elementor-widget elementor-widget-text-editor\" data-id=\"52143f7\" data-element_type=\"widget\" data-e-type=\"widget\" data-widget_type=\"text-editor.default\">\n\t\t\t\t\t\t\t\t\t<p>Hardware<\/p>\t\t\t\t\t\t\t\t<\/div>\n\t\t\t\t<div class=\"elementor-element elementor-element-f7dd678 elementor-widget elementor-widget-text-editor\" data-id=\"f7dd678\" data-element_type=\"widget\" data-e-type=\"widget\" data-widget_type=\"text-editor.default\">\n\t\t\t\t\t\t\t\t\t<p>Eletr\u00f3nica, integraci\u00f3n de componentes y fabricaci\u00f3n.<\/p>\t\t\t\t\t\t\t\t<\/div>\n\t\t\t\t\t\n<hr class=\"e-divider-base\" data-interaction-id=\"cbedba6\"   \/>\n\t\t\t\t<div class=\"elementor-element elementor-element-1717beb elementor-widget elementor-widget-text-editor\" data-id=\"1717beb\" data-element_type=\"widget\" data-e-type=\"widget\" data-widget_type=\"text-editor.default\">\n\t\t\t\t\t\t\t\t\t<p>&#8212; \u00a0Pantallas t\u00e1ctiles<\/p><p>&#8212; \u00a0Impresoras y lectores.<\/p><p>&#8212; \u00a0C\u00e1maras y sensores.<\/p><p>&#8212; \u00a0Versiones IP\/exterior.<\/p>\t\t\t\t\t\t\t\t<\/div>\n\t\t\t\t<\/div>\n\t\t\t\t<\/div>\n\t\t\t\t<\/div>\n\t\t<div class=\"elementor-element elementor-element-12561f9 e-con-full e-flex e-con e-child\" data-id=\"12561f9\" data-element_type=\"container\" data-e-type=\"container\" data-settings=\"{&quot;background_background&quot;:&quot;classic&quot;}\">\n\t\t\t\t<div class=\"elementor-element elementor-element-42b2ea9 elementor-align-center elementor-widget elementor-widget-button\" data-id=\"42b2ea9\" data-element_type=\"widget\" data-e-type=\"widget\" data-widget_type=\"button.default\">\n\t\t\t\t\t\t\t\t\t\t<a class=\"elementor-button elementor-button-link elementor-size-sm\" href=\"https:\/\/anpeam.com\/index.php\/contacto\/\">\n\t\t\t\t\t\t<span class=\"elementor-button-content-wrapper\">\n\t\t\t\t\t\t\t\t\t<span class=\"elementor-button-text\">EMPIEZA TU PROYECTO<\/span>\n\t\t\t\t\t<\/span>\n\t\t\t\t\t<\/a>\n\t\t\t\t\t\t\t\t<\/div>\n\t\t\t\t<\/div>\n\t\t\t\t\t<\/div>\n\t\t\t\t<\/div>\n\t\t\t\t<\/div>\n\t\t","protected":false},"excerpt":{"rendered":"<p>SERVICIOS Kiosk &amp;Digital signage. Cubrimos toda la cadena: del primer boceto en papel al kiosko funcionando 24\/7 en su ubicaci\u00f3n final. Sin intermediarios, sin sorpresas. Los Kioskos multimedia y los paneles de Informaci\u00f3n se han convertido en elementos claves de la innovaci\u00f3n tecnol\u00f3gica de las organizaciones y sus procesos as\u00ed como de sus estrategias de [&hellip;]<\/p>\n","protected":false},"author":2,"featured_media":0,"parent":0,"menu_order":0,"comment_status":"closed","ping_status":"closed","template":"","meta":{"footnotes":""},"class_list":["post-22","page","type-page","status-publish","hentry"],"_links":{"self":[{"href":"https:\/\/anpeam.com\/index.php\/wp-json\/wp\/v2\/pages\/22","targetHints":{"allow":["GET"]}}],"collection":[{"href":"https:\/\/anpeam.com\/index.php\/wp-json\/wp\/v2\/pages"}],"about":[{"href":"https:\/\/anpeam.com\/index.php\/wp-json\/wp\/v2\/types\/page"}],"author":[{"embeddable":true,"href":"https:\/\/anpeam.com\/index.php\/wp-json\/wp\/v2\/users\/2"}],"replies":[{"embeddable":true,"href":"https:\/\/anpeam.com\/index.php\/wp-json\/wp\/v2\/comments?post=22"}],"version-history":[{"count":43,"href":"https:\/\/anpeam.com\/index.php\/wp-json\/wp\/v2\/pages\/22\/revisions"}],"predecessor-version":[{"id":391,"href":"https:\/\/anpeam.com\/index.php\/wp-json\/wp\/v2\/pages\/22\/revisions\/391"}],"wp:attachment":[{"href":"https:\/\/anpeam.com\/index.php\/wp-json\/wp\/v2\/media?parent=22"}],"curies":[{"name":"wp","href":"https:\/\/api.w.org\/{rel}","templated":true}]}}