{"id":29,"date":"2026-05-04T14:24:22","date_gmt":"2026-05-04T14:24:22","guid":{"rendered":"https:\/\/anpeam.com\/?page_id=29"},"modified":"2026-05-07T14:29:51","modified_gmt":"2026-05-07T14:29:51","slug":"contacto","status":"publish","type":"page","link":"https:\/\/anpeam.com\/index.php\/contacto\/","title":{"rendered":"Contacto"},"content":{"rendered":"\t\t<div data-elementor-type=\"wp-page\" data-elementor-id=\"29\" class=\"elementor elementor-29\">\n\t\t\t\t<div class=\"elementor-element elementor-element-78e2fd2 e-flex e-con-boxed e-con e-parent\" data-id=\"78e2fd2\" data-element_type=\"container\" data-e-type=\"container\">\n\t\t\t\t\t<div class=\"e-con-inner\">\n\t\t\t\t<div class=\"elementor-element elementor-element-57d428e elementor-widget__width-initial elementor-widget elementor-widget-html\" data-id=\"57d428e\" data-element_type=\"widget\" data-e-type=\"widget\" data-widget_type=\"html.default\">\n\t\t\t\t\t<!DOCTYPE html>\n<html>\n<head>\n<style>\n* { margin: 0; padding: 0; box-sizing: border-box; }\n#wrap {\n  position: relative;\n  width: 100%;\n  height: 100vh;\n  background: #F5F0E8;\n  overflow: hidden;\n}\ncanvas { position: absolute; top: 0; left: 0; width: 100%; height: 100%; }\n#blur-layer {\n  position: absolute; top: 0; left: 0;\n  width: 100%; height: 100%;\n  backdrop-filter: blur(30px);\n  -webkit-backdrop-filter: blur(30px);\n  pointer-events: none;\n}\n<\/style>\n<\/head>\n<body>\n<div id=\"wrap\">\n  <canvas id=\"c\"><\/canvas>\n  <div id=\"blur-layer\"><\/div>\n<\/div>\n<script>\nconst canvas = document.getElementById('c');\nconst wrap = document.getElementById('wrap');\nconst ctx = canvas.getContext('2d');\n\nfunction resize() {\n  canvas.width = wrap.clientWidth;\n  canvas.height = wrap.clientHeight;\n}\nresize();\nwindow.addEventListener('resize', resize);\n\nconst shapes = [\n  { x: 0, y: 0, vx: 2.2, vy: 1.8, r: 165, color: '#8FA876' },\n  { x: 0, y: 0, vx: -2.0, vy: 2.4, r: 117, color: '#D4A57A' },\n];\n\nfunction init() {\n  const W = canvas.width, H = canvas.height;\n  shapes[0].x = W * 0.05; shapes[0].y = H * 0.1;\n  shapes[1].x = W * 0.8;  shapes[1].y = H * 0.65;\n}\ninit();\n\nfunction drawCircle(s) {\n  ctx.save();\n  ctx.globalAlpha = 0.55;\n  ctx.fillStyle = s.color;\n  ctx.beginPath();\n  ctx.arc(s.x, s.y, s.r, 0, Math.PI * 2);\n  ctx.fill();\n  ctx.restore();\n}\n\nfunction collide(a, b) {\n  const dx = a.x - b.x, dy = a.y - b.y;\n  const dist = Math.sqrt(dx*dx + dy*dy);\n  const minDist = a.r + b.r;\n  if (dist < minDist && dist > 0) {\n    const nx = dx\/dist, ny = dy\/dist;\n    const dvx = a.vx - b.vx, dvy = a.vy - b.vy;\n    const dot = dvx*nx + dvy*ny;\n    if (dot < 0) {\n      a.vx -= dot*nx; a.vy -= dot*ny;\n      b.vx += dot*nx; b.vy += dot*ny;\n    }\n  }\n}\n\nfunction update() {\n  const W = canvas.width, H = canvas.height;\n  ctx.clearRect(0, 0, W, H);\n  for (let i = 0; i < shapes.length; i++) {\n    const s = shapes[i];\n    s.x += s.vx; s.y += s.vy;\n    if (s.x - s.r < -s.r*0.5) { s.vx = Math.abs(s.vx); }\n    if (s.x + s.r > W+s.r*0.5) { s.vx = -Math.abs(s.vx); }\n    if (s.y - s.r < -s.r*0.5) { s.vy = Math.abs(s.vy); }\n    if (s.y + s.r > H+s.r*0.5) { s.vy = -Math.abs(s.vy); }\n    for (let j = i+1; j < shapes.length; j++) collide(s, shapes[j]);\n    drawCircle(s);\n  }\n  requestAnimationFrame(update);\n}\nupdate();\n<\/script>\n<\/body>\n<\/html>\n\t\t\t\t<\/div>\n\t\t\t\t\t<\/div>\n\t\t\t\t<\/div>\n\t\t<div class=\"elementor-element elementor-element-917bd85 e-flex e-con-boxed e-con e-parent\" data-id=\"917bd85\" data-element_type=\"container\" data-e-type=\"container\" data-settings=\"{&quot;background_background&quot;:&quot;classic&quot;}\">\n\t\t\t\t\t<div class=\"e-con-inner\">\n\t\t<div class=\"elementor-element elementor-element-030a09c e-con-full e-flex e-con e-child\" data-id=\"030a09c\" data-element_type=\"container\" data-e-type=\"container\">\n\t\t\t\t<div class=\"elementor-element elementor-element-468985d elementor-widget elementor-widget-text-editor\" data-id=\"468985d\" data-element_type=\"widget\" data-e-type=\"widget\" data-widget_type=\"text-editor.default\">\n\t\t\t\t\t\t\t\t\t<ul><li>CONTACTO<\/li><\/ul>\t\t\t\t\t\t\t\t<\/div>\n\t\t\t\t<div class=\"elementor-element elementor-element-60879db elementor-widget__width-initial elementor-widget-mobile__width-initial elementor-widget elementor-widget-text-editor\" data-id=\"60879db\" data-element_type=\"widget\" data-e-type=\"widget\" data-widget_type=\"text-editor.default\">\n\t\t\t\t\t\t\t\t\t<p>Cu\u00e9ntanos tu idea<\/p>\t\t\t\t\t\t\t\t<\/div>\n\t\t\t\t<\/div>\n\t\t\t\t\t<\/div>\n\t\t\t\t<\/div>\n\t\t<div class=\"elementor-element elementor-element-efa39e9 e-flex e-con-boxed e-con e-parent\" data-id=\"efa39e9\" data-element_type=\"container\" data-e-type=\"container\" data-settings=\"{&quot;background_background&quot;:&quot;classic&quot;}\">\n\t\t\t\t\t<div class=\"e-con-inner\">\n\t\t<div class=\"elementor-element elementor-element-85cf8b0 e-con-full e-flex e-con e-child\" data-id=\"85cf8b0\" data-element_type=\"container\" data-e-type=\"container\" data-settings=\"{&quot;background_background&quot;:&quot;classic&quot;}\">\n\t\t<div class=\"elementor-element elementor-element-a9446cd e-con-full e-flex e-con e-child\" data-id=\"a9446cd\" data-element_type=\"container\" data-e-type=\"container\" data-settings=\"{&quot;background_background&quot;:&quot;classic&quot;}\">\n\t\t<div class=\"elementor-element elementor-element-360587c e-con-full e-flex e-con e-child\" data-id=\"360587c\" data-element_type=\"container\" data-e-type=\"container\" data-settings=\"{&quot;background_background&quot;:&quot;classic&quot;}\">\n\t\t\t\t<div class=\"elementor-element elementor-element-0d7af62 elementor-widget elementor-widget-text-editor\" data-id=\"0d7af62\" data-element_type=\"widget\" data-e-type=\"widget\" data-widget_type=\"text-editor.default\">\n\t\t\t\t\t\t\t\t\t<p>EMAIL<\/p>\t\t\t\t\t\t\t\t<\/div>\n\t\t\t\t<div class=\"elementor-element elementor-element-2539ab4 elementor-widget-mobile__width-initial elementor-widget elementor-widget-text-editor\" data-id=\"2539ab4\" data-element_type=\"widget\" data-e-type=\"widget\" data-widget_type=\"text-editor.default\">\n\t\t\t\t\t\t\t\t\t<p>pri@anpeam.com<\/p>\t\t\t\t\t\t\t\t<\/div>\n\t\t\t\t<\/div>\n\t\t<div class=\"elementor-element elementor-element-74c47d1 e-con-full e-flex e-con e-child\" data-id=\"74c47d1\" data-element_type=\"container\" data-e-type=\"container\" data-settings=\"{&quot;background_background&quot;:&quot;classic&quot;}\">\n\t\t\t\t<div class=\"elementor-element elementor-element-10d92a4 elementor-widget elementor-widget-text-editor\" data-id=\"10d92a4\" data-element_type=\"widget\" data-e-type=\"widget\" data-widget_type=\"text-editor.default\">\n\t\t\t\t\t\t\t\t\t<p>TEL\u00c9FONO<\/p>\t\t\t\t\t\t\t\t<\/div>\n\t\t\t\t<div class=\"elementor-element elementor-element-f86d92f elementor-widget elementor-widget-text-editor\" data-id=\"f86d92f\" data-element_type=\"widget\" data-e-type=\"widget\" data-widget_type=\"text-editor.default\">\n\t\t\t\t\t\t\t\t\t<p>+34 913 588 714<\/p>\t\t\t\t\t\t\t\t<\/div>\n\t\t\t\t<\/div>\n\t\t<div class=\"elementor-element elementor-element-5df07de e-con-full e-flex e-con e-child\" data-id=\"5df07de\" data-element_type=\"container\" data-e-type=\"container\" data-settings=\"{&quot;background_background&quot;:&quot;classic&quot;}\">\n\t\t\t\t<div class=\"elementor-element elementor-element-b8748e8 elementor-widget elementor-widget-text-editor\" data-id=\"b8748e8\" data-element_type=\"widget\" data-e-type=\"widget\" data-widget_type=\"text-editor.default\">\n\t\t\t\t\t\t\t\t\t<p>OFICINAS<\/p>\t\t\t\t\t\t\t\t<\/div>\n\t\t\t\t<div class=\"elementor-element elementor-element-330b41b elementor-widget elementor-widget-text-editor\" data-id=\"330b41b\" data-element_type=\"widget\" data-e-type=\"widget\" data-widget_type=\"text-editor.default\">\n\t\t\t\t\t\t\t\t\t<p>Carretera de Fuencarral 44,<\/p><p>28108 Alcobendas, Madrid<\/p><p>Espa\u00f1a<\/p>\t\t\t\t\t\t\t\t<\/div>\n\t\t\t\t<\/div>\n\t\t<div class=\"elementor-element elementor-element-e2ceef9 e-con-full e-flex e-con e-child\" data-id=\"e2ceef9\" data-element_type=\"container\" data-e-type=\"container\" data-settings=\"{&quot;background_background&quot;:&quot;classic&quot;}\">\n\t\t\t\t<div class=\"elementor-element elementor-element-a967cc8 elementor-widget elementor-widget-text-editor\" data-id=\"a967cc8\" data-element_type=\"widget\" data-e-type=\"widget\" data-widget_type=\"text-editor.default\">\n\t\t\t\t\t\t\t\t\t<p>FILIALES<\/p>\t\t\t\t\t\t\t\t<\/div>\n\t\t\t\t<div class=\"elementor-element elementor-element-b7c9acb elementor-widget elementor-widget-text-editor\" data-id=\"b7c9acb\" data-element_type=\"widget\" data-e-type=\"widget\" data-widget_type=\"text-editor.default\">\n\t\t\t\t\t\t\t\t\t<a href=\"&quot;https:\/\/internetkioskos.com\">internetkioskos.com<\/a>\t\t\t\t\t\t\t\t<\/div>\n\t\t\t\t<div class=\"elementor-element elementor-element-9dd3470 elementor-widget elementor-widget-text-editor\" data-id=\"9dd3470\" data-element_type=\"widget\" data-e-type=\"widget\" data-widget_type=\"text-editor.default\">\n\t\t\t\t\t\t\t\t\t\n<a href=\"https:\/\/isik.es\">isik.es<\/a>\t\t\t\t\t\t\t\t<\/div>\n\t\t\t\t<div class=\"elementor-element elementor-element-0a55999 elementor-widget elementor-widget-text-editor\" data-id=\"0a55999\" data-element_type=\"widget\" data-e-type=\"widget\" data-widget_type=\"text-editor.default\">\n\t\t\t\t\t\t\t\t\t\n<a href=\"https:\/\/tabletik.com\">tabletik.com<\/a>\t\t\t\t\t\t\t\t<\/div>\n\t\t\t\t<\/div>\n\t\t\t\t<\/div>\n\t\t<div class=\"elementor-element elementor-element-e558649 e-con-full e-flex e-con e-child\" data-id=\"e558649\" data-element_type=\"container\" data-e-type=\"container\" data-settings=\"{&quot;background_background&quot;:&quot;classic&quot;}\">\n\t\t\t\t<div class=\"elementor-element elementor-element-6060277 elementor-widget elementor-widget-wpforms\" data-id=\"6060277\" data-element_type=\"widget\" data-e-type=\"widget\" data-widget_type=\"wpforms.default\">\n\t\t\t\t<div class=\"elementor-widget-container\">\n\t\t\t\t\t<style id=\"wpforms-css-vars-elementor-widget-6060277\">\n\t\t\t\t.elementor-widget-wpforms.elementor-element-6060277 {\n\t\t\t\t--wpforms-field-border-style: none;\n--wpforms-field-background-color: #FFFBF3;\n--wpforms-field-text-color: #253B28;\n--wpforms-button-border-radius: 50px;\n--wpforms-button-background-color: #253B28;\n--wpforms-button-text-color: #DDD8CE;\n--wpforms-field-border-size: 0px;\n--wpforms-button-size-font-size: 20px;\n--wpforms-button-size-height: 48px;\n--wpforms-button-size-padding-h: 20px;\n--wpforms-button-size-margin-top: 15px;\n\t\t\t}\n\t\t\t<\/style><div class=\"wpforms-container wpforms-container-full wpforms-render-modern\" id=\"wpforms-70\"><form id=\"wpforms-form-70\" class=\"wpforms-validate wpforms-form wpforms-ajax-form\" data-formid=\"70\" method=\"post\" enctype=\"multipart\/form-data\" action=\"\/index.php\/wp-json\/wp\/v2\/pages\/29\" data-token=\"2acc8a61e807f477d55ac365d1ccb6c1\" data-token-time=\"1778704760\"><noscript class=\"wpforms-error-noscript\">Please enable JavaScript in your browser to complete this form.<\/noscript><div id=\"wpforms-error-noscript\" style=\"display: none;\">Please enable JavaScript in your browser to complete this form.<\/div><div class=\"wpforms-field-container\"><div id=\"wpforms-70-field_1-container\" class=\"wpforms-field wpforms-field-name\" data-field-id=\"1\"><label class=\"wpforms-field-label\" for=\"wpforms-70-field_1\">NOMBRE <span class=\"wpforms-required-label\" aria-hidden=\"true\">*<\/span><\/label><input type=\"text\" id=\"wpforms-70-field_1\" class=\"wpforms-field-medium wpforms-field-required\" name=\"wpforms[fields][1]\" aria-errormessage=\"wpforms-70-field_1-error\" required><\/div><div id=\"wpforms-70-field_4-container\" class=\"wpforms-field wpforms-field-text\" data-field-id=\"4\"><label class=\"wpforms-field-label\" for=\"wpforms-70-field_4\">EMPRESA<\/label><input type=\"text\" id=\"wpforms-70-field_4\" class=\"wpforms-field-medium\" name=\"wpforms[fields][4]\" aria-errormessage=\"wpforms-70-field_4-error\" ><\/div><div id=\"wpforms-70-field_5-container\" class=\"wpforms-field wpforms-field-text\" data-field-id=\"5\"><label class=\"wpforms-field-label\" for=\"wpforms-70-field_5\">TEL\u00c9FONO<\/label><input type=\"text\" id=\"wpforms-70-field_5\" class=\"wpforms-field-medium\" name=\"wpforms[fields][5]\" aria-errormessage=\"wpforms-70-field_5-error\" ><\/div><div id=\"wpforms-70-field_2-container\" class=\"wpforms-field wpforms-field-email\" data-field-id=\"2\"><label class=\"wpforms-field-label\" for=\"wpforms-70-field_2\">EMAIL <span class=\"wpforms-required-label\" aria-hidden=\"true\">*<\/span><\/label><input type=\"email\" id=\"wpforms-70-field_2\" class=\"wpforms-field-medium wpforms-field-required\" name=\"wpforms[fields][2]\" spellcheck=\"false\" aria-errormessage=\"wpforms-70-field_2-error\" required><\/div>\t\t<div id=\"wpforms-70-field_6-container\"\n\t\t\tclass=\"wpforms-field wpforms-field-text\"\n\t\t\tdata-field-type=\"text\"\n\t\t\tdata-field-id=\"6\"\n\t\t\t>\n\t\t\t<label class=\"wpforms-field-label\" for=\"wpforms-70-field_6\" >PROYECTO TEL\u00c9FONO CU\u00c9NTANOS<\/label>\n\t\t\t<input type=\"text\" id=\"wpforms-70-field_6\" class=\"wpforms-field-medium\" name=\"wpforms[fields][6]\" >\n\t\t<\/div>\n\t\t<div id=\"wpforms-70-field_3-container\" class=\"wpforms-field wpforms-field-textarea\" data-field-id=\"3\"><label class=\"wpforms-field-label\" for=\"wpforms-70-field_3\">CU\u00c9NTANOS TU PROYECTO<\/label><textarea id=\"wpforms-70-field_3\" class=\"wpforms-field-medium\" name=\"wpforms[fields][3]\" aria-errormessage=\"wpforms-70-field_3-error\" ><\/textarea><\/div><script>\n\t\t\t\t( function() {\n\t\t\t\t\tconst style = document.createElement( 'style' );\n\t\t\t\t\tstyle.appendChild( document.createTextNode( '#wpforms-70-field_6-container { position: absolute !important; overflow: hidden !important; display: inline !important; height: 1px !important; width: 1px !important; z-index: -1000 !important; padding: 0 !important; } #wpforms-70-field_6-container input { visibility: hidden; } #wpforms-conversational-form-page #wpforms-70-field_6-container label { counter-increment: none; }' ) );\n\t\t\t\t\tdocument.head.appendChild( style );\n\t\t\t\t\tdocument.currentScript?.remove();\n\t\t\t\t} )();\n\t\t\t<\/script><\/div><!-- .wpforms-field-container --><div class=\"wpforms-submit-container\" ><input type=\"hidden\" name=\"wpforms[id]\" value=\"70\"><input type=\"hidden\" name=\"page_title\" value=\"\"><input type=\"hidden\" name=\"page_url\" value=\"https:\/\/anpeam.com\/index.php\/wp-json\/wp\/v2\/pages\/29\"><input type=\"hidden\" name=\"url_referer\" value=\"\"><button type=\"submit\" name=\"wpforms[submit]\" id=\"wpforms-submit-70\" class=\"wpforms-submit\" data-alt-text=\"Enviando...\" data-submit-text=\"ENVIAR MENSAJE\" aria-live=\"assertive\" value=\"wpforms-submit\">ENVIAR MENSAJE<\/button><img decoding=\"async\" src=\"https:\/\/anpeam.com\/wp-content\/plugins\/wpforms-lite\/assets\/images\/submit-spin.svg\" class=\"wpforms-submit-spinner\" style=\"display: none;\" width=\"26\" height=\"26\" alt=\"Loading\"><\/div><\/form><\/div>  <!-- .wpforms-container -->\t\t\t\t<\/div>\n\t\t\t\t<\/div>\n\t\t\t\t<\/div>\n\t\t\t\t<\/div>\n\t\t\t\t\t<\/div>\n\t\t\t\t<\/div>\n\t\t\t\t<\/div>\n\t\t","protected":false},"excerpt":{"rendered":"<p>CONTACTO Cu\u00e9ntanos tu idea EMAIL pri@anpeam.com TEL\u00c9FONO +34 913 588 714 OFICINAS Carretera de Fuencarral 44, 28108 Alcobendas, Madrid Espa\u00f1a FILIALES internetkioskos.com isik.es tabletik.com Please enable JavaScript in your browser to complete this form.Please enable JavaScript in your browser to complete this form.NOMBRE *EMPRESATEL\u00c9FONOEMAIL *CU\u00c9NTANOS TU PROYECTO ENVIAR MENSAJE<\/p>\n","protected":false},"author":2,"featured_media":0,"parent":0,"menu_order":0,"comment_status":"closed","ping_status":"closed","template":"","meta":{"footnotes":""},"class_list":["post-29","page","type-page","status-publish","hentry"],"_links":{"self":[{"href":"https:\/\/anpeam.com\/index.php\/wp-json\/wp\/v2\/pages\/29","targetHints":{"allow":["GET"]}}],"collection":[{"href":"https:\/\/anpeam.com\/index.php\/wp-json\/wp\/v2\/pages"}],"about":[{"href":"https:\/\/anpeam.com\/index.php\/wp-json\/wp\/v2\/types\/page"}],"author":[{"embeddable":true,"href":"https:\/\/anpeam.com\/index.php\/wp-json\/wp\/v2\/users\/2"}],"replies":[{"embeddable":true,"href":"https:\/\/anpeam.com\/index.php\/wp-json\/wp\/v2\/comments?post=29"}],"version-history":[{"count":52,"href":"https:\/\/anpeam.com\/index.php\/wp-json\/wp\/v2\/pages\/29\/revisions"}],"predecessor-version":[{"id":387,"href":"https:\/\/anpeam.com\/index.php\/wp-json\/wp\/v2\/pages\/29\/revisions\/387"}],"wp:attachment":[{"href":"https:\/\/anpeam.com\/index.php\/wp-json\/wp\/v2\/media?parent=29"}],"curies":[{"name":"wp","href":"https:\/\/api.w.org\/{rel}","templated":true}]}}